{"id":230796,"date":"2021-09-16T18:36:45","date_gmt":"2021-09-16T21:36:45","guid":{"rendered":"https:\/\/www.caririemacao.com\/1\/?page_id=230796"},"modified":"2021-09-17T09:45:44","modified_gmt":"2021-09-17T12:45:44","slug":"enquete-eleicoes-2022","status":"publish","type":"page","link":"https:\/\/www.caririemacao.com\/1\/enquete-eleicoes-2022\/","title":{"rendered":"Enquete Elei\u00e7\u00f5es 2022"},"content":{"rendered":"\n<figure class=\"wp-block-image size-full\"><img fetchpriority=\"high\" decoding=\"async\" width=\"1280\" height=\"213\" src=\"https:\/\/www.caririemacao.com\/1\/wp-content\/uploads\/2021\/09\/Banner-Enquete.jpeg\" alt=\"\" class=\"wp-image-230925\" srcset=\"https:\/\/www.caririemacao.com\/1\/wp-content\/uploads\/2021\/09\/Banner-Enquete.jpeg 1280w, https:\/\/www.caririemacao.com\/1\/wp-content\/uploads\/2021\/09\/Banner-Enquete-300x50.jpeg 300w, https:\/\/www.caririemacao.com\/1\/wp-content\/uploads\/2021\/09\/Banner-Enquete-768x128.jpeg 768w\" sizes=\"(max-width: 1280px) 100vw, 1280px\" \/><figcaption>O Cariri Em A\u00e7\u00e3o lan\u00e7ou na noite desta quinta-feira (16) enquetes para os cargos de presidente da Rep\u00fablica, governador e senador da Para\u00edba, visando as elei\u00e7\u00f5es de 2022.<br><br>A pesquisa ficar\u00e1 no ar para vota\u00e7\u00e3o at\u00e9 a pr\u00f3xima quarta-feira (22).<\/figcaption><\/figure>\n\n\n<p>[poll id=&#8221;2&#8243;]<br \/>\n&#8230;&#8230;&#8230;&#8230;&#8230;&#8230;&#8230;&#8230;&#8230;&#8230;&#8230;&#8230;&#8230;&#8230;&#8230;&#8230;&#8230;<br \/>\n[poll id=&#8221;3&#8243;]<br \/>\n&#8230;&#8230;&#8230;&#8230;&#8230;&#8230;&#8230;&#8230;&#8230;&#8230;&#8230;&#8230;&#8230;&#8230;&#8230;&#8230;&#8230;<br \/>\n[poll id=&#8221;4&#8243;]<\/p>\n","protected":false},"excerpt":{"rendered":"","protected":false},"author":1,"featured_media":0,"parent":0,"menu_order":0,"comment_status":"closed","ping_status":"closed","template":"","meta":{"sfsi_plus_gutenberg_text_before_share":"","sfsi_plus_gutenberg_show_text_before_share":"","sfsi_plus_gutenberg_icon_type":"","sfsi_plus_gutenberg_icon_alignemt":"","sfsi_plus_gutenburg_max_per_row":"","footnotes":""},"class_list":["post-230796","page","type-page","status-publish","hentry"],"_links":{"self":[{"href":"https:\/\/www.caririemacao.com\/1\/wp-json\/wp\/v2\/pages\/230796","targetHints":{"allow":["GET"]}}],"collection":[{"href":"https:\/\/www.caririemacao.com\/1\/wp-json\/wp\/v2\/pages"}],"about":[{"href":"https:\/\/www.caririemacao.com\/1\/wp-json\/wp\/v2\/types\/page"}],"author":[{"embeddable":true,"href":"https:\/\/www.caririemacao.com\/1\/wp-json\/wp\/v2\/users\/1"}],"replies":[{"embeddable":true,"href":"https:\/\/www.caririemacao.com\/1\/wp-json\/wp\/v2\/comments?post=230796"}],"version-history":[{"count":10,"href":"https:\/\/www.caririemacao.com\/1\/wp-json\/wp\/v2\/pages\/230796\/revisions"}],"predecessor-version":[{"id":230980,"href":"https:\/\/www.caririemacao.com\/1\/wp-json\/wp\/v2\/pages\/230796\/revisions\/230980"}],"wp:attachment":[{"href":"https:\/\/www.caririemacao.com\/1\/wp-json\/wp\/v2\/media?parent=230796"}],"curies":[{"name":"wp","href":"https:\/\/api.w.org\/{rel}","templated":true}]}}