{"id":257,"date":"2016-08-11T15:39:05","date_gmt":"2016-08-11T18:39:05","guid":{"rendered":"http:\/\/caririemacao.com\/1\/?page_id=257"},"modified":"2016-08-12T11:21:32","modified_gmt":"2016-08-12T14:21:32","slug":"o-site","status":"publish","type":"page","link":"https:\/\/www.caririemacao.com\/1\/o-site\/","title":{"rendered":"O Site"},"content":{"rendered":"<p>H\u00e1 3 anos nasceu o Portal de Not\u00edcias Cariri em A\u00e7\u00e3o, atuando como meio de comunica\u00e7\u00e3o, tendo a miss\u00e3o de integrar a regi\u00e3o do Cariri Paraibano atrav\u00e9s de seus canais de comunica\u00e7\u00e3o formada por profissionais imparciais e coerentes, levando informa\u00e7\u00f5es com rapidez e seriedade aos internautas e ouvintes. Atualmente, o Cariri em A\u00e7\u00e3o \u00e9 considerado pela critica o portal de not\u00edcias mais atualizado e um dos mais acessados da regi\u00e3o.<\/p>\n<p>Hoje \u00e9 uma refer\u00eancia para diversos programas radiof\u00f4nicos e sites da Para\u00edba por conta de suas not\u00edcias fundamentadas com a verdade.<\/p>\n<p>Al\u00e9m do site, o Cariri em A\u00e7\u00e3o tamb\u00e9m est\u00e1 nas ondas do R\u00e1dio, veiculando programas em duas emissoras, sempre aos s\u00e1bados, na R\u00e1dio Cidade AM \u2013 8h \u00e0s 9h e R\u00e1dio Ouro Velho FM \u2013 10h \u00e0s 11h. Nossa equipe ainda atua diretamente em quase 20 munic\u00edpios paraibanos, fazendo a maior cobertura de eventos e transmitindo ao vivo programas direto destes munic\u00edpios pelas emissoras de r\u00e1dios (Cidade AM e Ouro Velho FM) e pela R\u00e1dio Cariri em A\u00e7\u00e3o Online.<\/p>\n<p>O Cariri em A\u00e7\u00e3o tamb\u00e9m realiza pesquisas de opini\u00e3o p\u00fablica (eleitoral e de mercado) e promove anualmente o maior evento social da regi\u00e3o objetivando homenagear diversas empresas, entidades, pol\u00edticos, gestores, vereadores, cidad\u00e3os, profissionais e meios de comunica\u00e7\u00e3o que s\u00e3o refer\u00eancias em suas diversas \u00e1reas, atrav\u00e9s do PR\u00caMIO REFER\u00caNCIA, resultado de pesquisas realizadas diretamente nos munic\u00edpios, atrav\u00e9s de pesquisadores qualificados, preparados para perguntar in loco quais as refer\u00eancias do ano naqueles segmentos.<\/p>\n<p>&nbsp;<\/p>\n","protected":false},"excerpt":{"rendered":"<p>H\u00e1 3 anos nasceu o Portal de Not\u00edcias Cariri em A\u00e7\u00e3o, atuando como meio de comunica\u00e7\u00e3o, tendo a miss\u00e3o de integrar a regi\u00e3o do Cariri&hellip; <\/p>\n","protected":false},"author":1,"featured_media":0,"parent":0,"menu_order":0,"comment_status":"closed","ping_status":"closed","template":"","meta":{"sfsi_plus_gutenberg_text_before_share":"","sfsi_plus_gutenberg_show_text_before_share":"","sfsi_plus_gutenberg_icon_type":"","sfsi_plus_gutenberg_icon_alignemt":"","sfsi_plus_gutenburg_max_per_row":"","footnotes":""},"class_list":["post-257","page","type-page","status-publish","hentry"],"_links":{"self":[{"href":"https:\/\/www.caririemacao.com\/1\/wp-json\/wp\/v2\/pages\/257","targetHints":{"allow":["GET"]}}],"collection":[{"href":"https:\/\/www.caririemacao.com\/1\/wp-json\/wp\/v2\/pages"}],"about":[{"href":"https:\/\/www.caririemacao.com\/1\/wp-json\/wp\/v2\/types\/page"}],"author":[{"embeddable":true,"href":"https:\/\/www.caririemacao.com\/1\/wp-json\/wp\/v2\/users\/1"}],"replies":[{"embeddable":true,"href":"https:\/\/www.caririemacao.com\/1\/wp-json\/wp\/v2\/comments?post=257"}],"version-history":[{"count":0,"href":"https:\/\/www.caririemacao.com\/1\/wp-json\/wp\/v2\/pages\/257\/revisions"}],"wp:attachment":[{"href":"https:\/\/www.caririemacao.com\/1\/wp-json\/wp\/v2\/media?parent=257"}],"curies":[{"name":"wp","href":"https:\/\/api.w.org\/{rel}","templated":true}]}}