{"id":261,"date":"2016-08-11T16:35:20","date_gmt":"2016-08-11T19:35:20","guid":{"rendered":"http:\/\/caririemacao.com\/1\/?page_id=261"},"modified":"2019-10-08T20:01:46","modified_gmt":"2019-10-08T23:01:46","slug":"fale-conosco","status":"publish","type":"page","link":"https:\/\/www.caririemacao.com\/1\/fale-conosco\/","title":{"rendered":"FALE CONOSCO"},"content":{"rendered":"<p><strong>Cariri em A\u00e7\u00e3o<\/strong><\/p>\n<p><strong>Marivaldo Alc\u00e2ntara \u2013 Diretor Geral<\/strong><br \/>\n(83) 99634-5791<br \/>\ne-mail: marivaldo.gestao@hotmail.com<\/p>\n","protected":false},"excerpt":{"rendered":"<p>Cariri em A\u00e7\u00e3o Marivaldo Alc\u00e2ntara \u2013 Diretor Geral (83) 99634-5791 e-mail: marivaldo.gestao@hotmail.com<\/p>\n","protected":false},"author":1,"featured_media":0,"parent":0,"menu_order":0,"comment_status":"closed","ping_status":"closed","template":"","meta":{"sfsi_plus_gutenberg_text_before_share":"","sfsi_plus_gutenberg_show_text_before_share":"","sfsi_plus_gutenberg_icon_type":"","sfsi_plus_gutenberg_icon_alignemt":"","sfsi_plus_gutenburg_max_per_row":"","footnotes":""},"class_list":["post-261","page","type-page","status-publish","hentry"],"_links":{"self":[{"href":"https:\/\/www.caririemacao.com\/1\/wp-json\/wp\/v2\/pages\/261","targetHints":{"allow":["GET"]}}],"collection":[{"href":"https:\/\/www.caririemacao.com\/1\/wp-json\/wp\/v2\/pages"}],"about":[{"href":"https:\/\/www.caririemacao.com\/1\/wp-json\/wp\/v2\/types\/page"}],"author":[{"embeddable":true,"href":"https:\/\/www.caririemacao.com\/1\/wp-json\/wp\/v2\/users\/1"}],"replies":[{"embeddable":true,"href":"https:\/\/www.caririemacao.com\/1\/wp-json\/wp\/v2\/comments?post=261"}],"version-history":[{"count":1,"href":"https:\/\/www.caririemacao.com\/1\/wp-json\/wp\/v2\/pages\/261\/revisions"}],"predecessor-version":[{"id":124585,"href":"https:\/\/www.caririemacao.com\/1\/wp-json\/wp\/v2\/pages\/261\/revisions\/124585"}],"wp:attachment":[{"href":"https:\/\/www.caririemacao.com\/1\/wp-json\/wp\/v2\/media?parent=261"}],"curies":[{"name":"wp","href":"https:\/\/api.w.org\/{rel}","templated":true}]}}